{"id":160,"date":"2018-12-18T13:30:20","date_gmt":"2018-12-18T13:30:20","guid":{"rendered":"http:\/\/www.zitlaudatosi.cz\/?page_id=160"},"modified":"2026-01-22T13:27:08","modified_gmt":"2026-01-22T13:27:08","slug":"uvod","status":"publish","type":"page","link":"https:\/\/www.zitlaudatosi.cz\/","title":{"rendered":"\u00davod"},"content":{"rendered":"<p>[et_pb_section fb_built=&#8220;1&#8243; fullwidth=&#8220;on&#8220; _builder_version=&#8220;4.16&#8243; global_colors_info=&#8220;{}&#8220;][et_pb_fullwidth_code admin_label=&#8220;obecn\u00fd \u00famysl&#8220; _builder_version=&#8220;4.27.4&#8243; background_color=&#8220;rgba(186,244,244,0.94)&#8220; text_orientation=&#8220;center&#8220; custom_margin=&#8220;0px||&#8220; custom_padding=&#8220;3px||0px||false|false&#8220; global_colors_info=&#8220;{}&#8220;]Pros\u00edme za v\u0161echny lidi, abychom se znovu nau\u010dili rozli\u0161ovat, abychom v\u011bd\u011bli, jak si vybrat \u017eivotn\u00ed cestu, co p\u0159ijmout a co odm\u00edtnout.[\/et_pb_fullwidth_code][et_pb_fullwidth_code admin_label=&#8220;za farn\u00ed spole\u010denstv\u00ed&#8220; _builder_version=&#8220;4.27.2&#8243; background_color=&#8220;rgba(186,244,244,0.94)&#8220; text_orientation=&#8220;center&#8220; custom_margin=&#8220;0px||0px&#8220; custom_padding=&#8220;||0px&#8220; global_colors_info=&#8220;{}&#8220;]Pros\u00edme o otev\u0159enost, v n\u00ed\u017e p\u0159ijmeme ty, kdo p\u0159ijati nejsou, a zahoj\u00edme jejich r\u00e1ny.[\/et_pb_fullwidth_code][et_pb_fullwidth_image src=&#8220;https:\/\/www.zitlaudatosi.cz\/wp-content\/uploads\/2025\/05\/03-Infographic-CS-Laudate-Deum-A.jpg&#8220; title_text=&#8220;03-Infographic-CS-Laudate-Deum A&#8220; admin_label=&#8220;budoucnost&#8220; _builder_version=&#8220;4.27.4&#8243; global_colors_info=&#8220;{}&#8220;]&nbsp;<br \/>\n[\/et_pb_fullwidth_image][\/et_pb_section][et_pb_section fb_built=&#8220;1&#8243; admin_label=&#8220;Sekce&#8220; _builder_version=&#8220;4.16&#8243; custom_padding=&#8220;1px|0px|48px|0px|false|false&#8220; global_colors_info=&#8220;{}&#8220;][et_pb_row column_structure=&#8220;1_3,1_3,1_3&#8243; _builder_version=&#8220;4.16&#8243; custom_margin=&#8220;25px|auto|-42px|auto||&#8220; custom_padding=&#8220;1px|0px|7px|0px|false|false&#8220; global_colors_info=&#8220;{}&#8220;][et_pb_column type=&#8220;1_3&#8243; _builder_version=&#8220;4.16&#8243; custom_padding=&#8220;|||&#8220; global_colors_info=&#8220;{}&#8220; custom_padding__hover=&#8220;|||&#8220;][et_pb_image src=&#8220;https:\/\/www.zitlaudatosi.cz\/wp-content\/uploads\/2025\/05\/03-Infographic-CS-Laudate-Deum-B.jpg&#8220; title_text=&#8220;03-Infographic-CS-Laudate-Deum B&#8220; _builder_version=&#8220;4.27.4&#8243; _module_preset=&#8220;default&#8220; global_colors_info=&#8220;{}&#8220;][\/et_pb_image][\/et_pb_column][et_pb_column type=&#8220;1_3&#8243; _builder_version=&#8220;4.16&#8243; custom_padding=&#8220;|||&#8220; global_colors_info=&#8220;{}&#8220; custom_padding__hover=&#8220;|||&#8220;][et_pb_video src=&#8220;https:\/\/www.youtube.com\/watch?v=kEbW9zmdu9M&#8220; _builder_version=&#8220;4.27.4&#8243; _module_preset=&#8220;default&#8220; global_colors_info=&#8220;{}&#8220;][\/et_pb_video][\/et_pb_column][et_pb_column type=&#8220;1_3&#8243; _builder_version=&#8220;4.16&#8243; custom_padding=&#8220;|||&#8220; global_colors_info=&#8220;{}&#8220; custom_padding__hover=&#8220;|||&#8220;][et_pb_image src=&#8220;https:\/\/www.zitlaudatosi.cz\/wp-content\/uploads\/2025\/05\/03-Infographic-CS-Laudate-Deum-C.jpg&#8220; title_text=&#8220;03-Infographic-CS-Laudate-Deum C&#8220; _builder_version=&#8220;4.27.4&#8243; _module_preset=&#8220;default&#8220; global_colors_info=&#8220;{}&#8220;][\/et_pb_image][\/et_pb_column][\/et_pb_row][\/et_pb_section][et_pb_section fb_built=&#8220;1&#8243; fullwidth=&#8220;on&#8220; _builder_version=&#8220;4.16&#8243; global_colors_info=&#8220;{}&#8220;][et_pb_fullwidth_image src=&#8220;https:\/\/www.zitlaudatosi.cz\/wp-content\/uploads\/2023\/10\/abc-1.jpg&#8220; title_text=&#8220;abc&#8220; admin_label=&#8220;Pln\u00e1 \u0161\u00ed\u0159ka obr\u00e1zku&#8220; _builder_version=&#8220;4.19.4&#8243; _module_preset=&#8220;default&#8220; global_colors_info=&#8220;{}&#8220;][\/et_pb_fullwidth_image][et_pb_fullwidth_code admin_label=&#8220;Jsme sou\u010d\u00e1st\u00ed&#8220; _builder_version=&#8220;4.23.1&#8243; transform_scale=&#8220;122%|122%&#8220; text_orientation=&#8220;center&#8220; custom_margin=&#8220;5px||5px&#8220; global_colors_info=&#8220;{}&#8220;]Jsme sou\u010d\u00e1st\u00ed krajiny degradovan\u00e9 lidskou \u010dinnost\u00ed a nal\u00e9z\u00e1me v n\u00ed tv\u00e1\u0159 uk\u0159i\u017eovan\u00e9ho Krista.[\/et_pb_fullwidth_code][et_pb_fullwidth_code admin_label=&#8220;\u017dijeme z nad\u011bje&#8220; _builder_version=&#8220;4.16&#8243; transform_scale=&#8220;122%|122%&#8220; text_orientation=&#8220;center&#8220; custom_margin=&#8220;5px||5px&#8220; global_colors_info=&#8220;{}&#8220;]\u017dijeme z nad\u011bje a z Bo\u017e\u00edho p\u0159\u00edslibu pomoci.[\/et_pb_fullwidth_code][et_pb_fullwidth_code admin_label=&#8220;Z\u00e1kladn\u00ed ekologick\u00e9 jedn\u00e1n\u00ed&#8220; _builder_version=&#8220;4.16&#8243; transform_scale=&#8220;122%|122%&#8220; text_orientation=&#8220;center&#8220; custom_margin=&#8220;5px||5px&#8220; global_colors_info=&#8220;{}&#8220;]Za z\u00e1kladn\u00ed ekologick\u00e9 jedn\u00e1n\u00ed pova\u017eujeme modlitbu.[\/et_pb_fullwidth_code][\/et_pb_section][et_pb_section fb_built=&#8220;1&#8243; fullwidth=&#8220;on&#8220; _builder_version=&#8220;4.16&#8243; global_colors_info=&#8220;{}&#8220;][\/et_pb_section][et_pb_section fb_built=&#8220;1&#8243; admin_label=&#8220;Sekce&#8220; _builder_version=&#8220;4.16&#8243; custom_padding=&#8220;1px|0px|48px|0px|false|false&#8220; global_colors_info=&#8220;{}&#8220;][et_pb_row column_structure=&#8220;1_4,1_2,1_4&#8243; _builder_version=&#8220;4.16&#8243; custom_padding=&#8220;1px|0px|7px|0px|false|false&#8220; global_colors_info=&#8220;{}&#8220;][et_pb_column type=&#8220;1_4&#8243; _builder_version=&#8220;4.16&#8243; custom_padding=&#8220;|||&#8220; global_colors_info=&#8220;{}&#8220; custom_padding__hover=&#8220;|||&#8220;][\/et_pb_column][et_pb_column type=&#8220;1_2&#8243; _builder_version=&#8220;4.16&#8243; custom_padding=&#8220;|||&#8220; global_colors_info=&#8220;{}&#8220; custom_padding__hover=&#8220;|||&#8220;][et_pb_video src=&#8220;https:\/\/youtu.be\/LCY0F1VwJQE&#8220; _builder_version=&#8220;4.16&#8243; global_colors_info=&#8220;{}&#8220;][\/et_pb_video][\/et_pb_column][et_pb_column type=&#8220;1_4&#8243; _builder_version=&#8220;4.16&#8243; custom_padding=&#8220;|||&#8220; global_colors_info=&#8220;{}&#8220; custom_padding__hover=&#8220;|||&#8220;][\/et_pb_column][\/et_pb_row][\/et_pb_section][et_pb_section fb_built=&#8220;1&#8243; _builder_version=&#8220;4.23.1&#8243; custom_padding=&#8220;1px|0px|48px|0px|false|false&#8220; global_colors_info=&#8220;{}&#8220;][et_pb_row column_structure=&#8220;1_3,2_3&#8243; _builder_version=&#8220;4.16&#8243; custom_margin=&#8220;28px|auto|-42px|auto||&#8220; global_colors_info=&#8220;{}&#8220;][et_pb_column type=&#8220;1_3&#8243; _builder_version=&#8220;4.16&#8243; custom_padding=&#8220;|||&#8220; global_colors_info=&#8220;{}&#8220; custom_padding__hover=&#8220;|||&#8220;][et_pb_divider show_divider=&#8220;off&#8220; _builder_version=&#8220;4.19.4&#8243; _module_preset=&#8220;default&#8220; global_colors_info=&#8220;{}&#8220;][\/et_pb_divider][et_pb_signup mailchimp_list=&#8220;zit|41c17923be&#8220; name_field=&#8220;on&#8220; success_message=&#8220;D\u011bkujeme!&#8220; button_text=&#8220;Zaj\u00edm\u00e1 m\u011b to.&#8220; _builder_version=&#8220;4.16&#8243; background_color=&#8220;#e09900&#8243; saved_tabs=&#8220;all&#8220; global_colors_info=&#8220;{}&#8220; button_text_size__hover_enabled=&#8220;off&#8220; button_one_text_size__hover_enabled=&#8220;off&#8220; button_two_text_size__hover_enabled=&#8220;off&#8220; button_text_color__hover_enabled=&#8220;off&#8220; button_one_text_color__hover_enabled=&#8220;off&#8220; button_two_text_color__hover_enabled=&#8220;off&#8220; button_border_width__hover_enabled=&#8220;off&#8220; button_one_border_width__hover_enabled=&#8220;off&#8220; button_two_border_width__hover_enabled=&#8220;off&#8220; button_border_color__hover_enabled=&#8220;off&#8220; button_one_border_color__hover_enabled=&#8220;off&#8220; button_two_border_color__hover_enabled=&#8220;off&#8220; button_border_radius__hover_enabled=&#8220;off&#8220; button_one_border_radius__hover_enabled=&#8220;off&#8220; button_two_border_radius__hover_enabled=&#8220;off&#8220; button_letter_spacing__hover_enabled=&#8220;off&#8220; button_one_letter_spacing__hover_enabled=&#8220;off&#8220; button_two_letter_spacing__hover_enabled=&#8220;off&#8220; button_bg_color__hover_enabled=&#8220;off&#8220; button_one_bg_color__hover_enabled=&#8220;off&#8220; button_two_bg_color__hover_enabled=&#8220;off&#8220;][\/et_pb_signup][\/et_pb_column][et_pb_column type=&#8220;2_3&#8243; _builder_version=&#8220;4.16&#8243; custom_padding=&#8220;|||&#8220; global_colors_info=&#8220;{}&#8220; custom_padding__hover=&#8220;|||&#8220;][et_pb_text _builder_version=&#8220;4.16&#8243; custom_padding=&#8220;18px|||||&#8220; inline_fonts=&#8220;Abhaya Libre&#8220; global_colors_info=&#8220;{}&#8220;]<\/p>\n<p><span style=\"font-family: 'Abhaya Libre'; font-weight: normal; font-size: medium;\"><strong><span style=\"color: #000000;\"><span style=\"margin: 0px; line-height: 115%;\">\u017d\u00edt <i>Laudato si&#8216;<\/i><\/span><span style=\"margin: 0px; line-height: 115%;\"> \u010cesk\u00e1 republika m\u00e1 za c\u00edl rozv\u00edjet v \u010cesk\u00e9 republice t\u00e9mata nastolen\u00e1 encyklikou <i>Laudato si&#8216;<\/i> pape\u017ee Franti\u0161ka, aby tak tato encyklika a ekologick\u00e9 obr\u00e1cen\u00ed, k n\u011bmu\u017e nal\u00e9hav\u011b vyz\u00fdv\u00e1, mohly proniknout a prom\u011bnit \u010deskou c\u00edrkev a spole\u010dnost. <\/span><\/span><\/strong><\/span><span style=\"font-family: 'Abhaya Libre'; font-size: medium;\"><strong><span style=\"color: #000000;\"><span style=\"line-height: 115%;\">Tato t\u00e9mata otev\u00edr\u00e1me \u010dinnost\u00ed mal\u00fdch m\u00edstn\u00edch spole\u010denstv\u00ed, slaven\u00edm Doby stvo\u0159en\u00ed, v\u00fdstavami, p\u0159edn\u00e1\u0161kami a filmov\u00fdmi projekcemi. <\/span><span style=\"line-height: 115%;\">V<\/span><span style=\"line-height: 115%;\">ytv\u00e1\u0159\u00edme on-line prostor k\u00a0propojov\u00e1n\u00ed jednotlivc\u016f a m\u00edstn\u00edch spole\u010denstv\u00ed, aby tak lid\u00e9, kte\u0159\u00ed cht\u011bj\u00ed ve sv\u00fdch \u017eivotech uskute\u010d\u0148ovat ekologick\u00e9 obr\u00e1cen\u00ed, o sob\u011b navz\u00e1jem v\u011bd\u011bli a\u00a0mohli se modlit a\u00a0jednat spole\u010dn\u011b. <\/span><\/span><\/strong><\/span><span style=\"font-family: 'Abhaya Libre'; font-size: medium;\"><strong><span style=\"color: #000000;\"><span style=\"line-height: 115%;\">Podporujeme vznik m\u00edstn\u00edch spole\u010denstv\u00ed, kter\u00fdm<\/span><span style=\"line-height: 115%;\"> nab\u00edz\u00edme prostor pro zve\u0159ej\u0148ov\u00e1n\u00ed jejich \u010dinnosti a propojen\u00ed s\u00a0dal\u0161\u00edmi lidmi na \u00fazem\u00ed\u00a0\u010cR. Zapojen\u00fdm spole\u010denstv\u00edm a jednotlivc\u016fm poskytujeme podporu formou podn\u011bt\u016f a\u00a0aktualit. U<\/span><span style=\"line-height: 115%;\">silujeme p\u0159edev\u0161\u00edm o prom\u011bnu lidsk\u00fdch srdc\u00ed a mysl\u00ed, proto\u017ee jsme p\u0159esv\u011bd\u010deni, \u017ee pouze z\u00a0n\u00e1pravy vztah\u016f mohou vyv\u011brat skute\u010dn\u011b \u00fa\u010dinn\u00e1 \u0159e\u0161en\u00ed technologick\u00e1 a politick\u00e1.<\/span><\/span><\/strong><\/span><\/p>\n<p>[\/et_pb_text][\/et_pb_column][\/et_pb_row][et_pb_row _builder_version=&#8220;4.16&#8243; global_colors_info=&#8220;{}&#8220;][et_pb_column type=&#8220;4_4&#8243; _builder_version=&#8220;4.16&#8243; custom_padding=&#8220;|||&#8220; global_colors_info=&#8220;{}&#8220; custom_padding__hover=&#8220;|||&#8220;][et_pb_text _builder_version=&#8220;4.19.4&#8243; min_height=&#8220;44.4px&#8220; custom_padding=&#8220;25px|||||&#8220; inline_fonts=&#8220;Georgia&#8220; global_colors_info=&#8220;{}&#8220;]<\/p>\n<p><span style=\"font-family: Georgia; font-weight: normal;\">Na tyto st\u00e1le str\u00e1nky p\u0159id\u00e1v\u00e1me obsah, jak P\u00e1n d\u00e1 a jin\u00e9 z\u00e1vazky dovol\u00ed. Pokud V\u00e1s zaj\u00edm\u00e1, co nov\u00e9ho p\u0159iprav\u00edme, p\u0159ihlaste se k odb\u011bru novinek v\u00fd\u0161e.\u00a0<\/span><\/p>\n<p><span style=\"font-family: Georgia; font-weight: normal;\"><\/span><\/p>\n<p>[\/et_pb_text][et_pb_text _builder_version=&#8220;4.23.1&#8243; min_height=&#8220;44.4px&#8220; custom_padding=&#8220;25px|||||&#8220; inline_fonts=&#8220;Georgia,Abel,Abril Fatface&#8220; global_colors_info=&#8220;{}&#8220;]<\/p>\n<p style=\"text-align: center;\"><span style=\"color: #138956; font-family: 'Abril Fatface'; font-weight: normal;\"><span style=\"font-size: large;\">Jsme \u010dlenskou organizac\u00ed <a href=\"https:\/\/laudatosimovement.org\/\">Laudato si&#8216; Movement<\/a> a p\u0159idru\u017een\u00fdm \u010dlenem <a href=\"https:\/\/klimatickakoalice.cz\/\">Klimatick\u00e9 koalice<\/a>.<\/span><\/span><\/p>\n<p><span style=\"font-family: Georgia; font-weight: normal;\"><\/span><\/p>\n<p>[\/et_pb_text][\/et_pb_column][\/et_pb_row][\/et_pb_section]<\/p>\n","protected":false},"excerpt":{"rendered":"<p>&nbsp; \u017d\u00edt Laudato si&#8216; \u010cesk\u00e1 republika m\u00e1 za c\u00edl rozv\u00edjet v \u010cesk\u00e9 republice t\u00e9mata nastolen\u00e1 encyklikou Laudato si&#8216; pape\u017ee Franti\u0161ka, aby tak tato encyklika a ekologick\u00e9 obr\u00e1cen\u00ed, k n\u011bmu\u017e nal\u00e9hav\u011b vyz\u00fdv\u00e1, mohly proniknout a prom\u011bnit \u010deskou c\u00edrkev a spole\u010dnost. Tato t\u00e9mata otev\u00edr\u00e1me \u010dinnost\u00ed mal\u00fdch m\u00edstn\u00edch spole\u010denstv\u00ed, slaven\u00edm Doby stvo\u0159en\u00ed, v\u00fdstavami, p\u0159edn\u00e1\u0161kami a filmov\u00fdmi projekcemi. Vytv\u00e1\u0159\u00edme [&hellip;]<\/p>\n","protected":false},"author":1,"featured_media":0,"parent":0,"menu_order":0,"comment_status":"closed","ping_status":"closed","template":"","meta":{"_et_pb_use_builder":"on","_et_pb_old_content":"","_et_gb_content_width":""},"_links":{"self":[{"href":"https:\/\/www.zitlaudatosi.cz\/index.php\/wp-json\/wp\/v2\/pages\/160"}],"collection":[{"href":"https:\/\/www.zitlaudatosi.cz\/index.php\/wp-json\/wp\/v2\/pages"}],"about":[{"href":"https:\/\/www.zitlaudatosi.cz\/index.php\/wp-json\/wp\/v2\/types\/page"}],"author":[{"embeddable":true,"href":"https:\/\/www.zitlaudatosi.cz\/index.php\/wp-json\/wp\/v2\/users\/1"}],"replies":[{"embeddable":true,"href":"https:\/\/www.zitlaudatosi.cz\/index.php\/wp-json\/wp\/v2\/comments?post=160"}],"version-history":[{"count":310,"href":"https:\/\/www.zitlaudatosi.cz\/index.php\/wp-json\/wp\/v2\/pages\/160\/revisions"}],"predecessor-version":[{"id":3802,"href":"https:\/\/www.zitlaudatosi.cz\/index.php\/wp-json\/wp\/v2\/pages\/160\/revisions\/3802"}],"wp:attachment":[{"href":"https:\/\/www.zitlaudatosi.cz\/index.php\/wp-json\/wp\/v2\/media?parent=160"}],"curies":[{"name":"wp","href":"https:\/\/api.w.org\/{rel}","templated":true}]}}